{"id":12,"date":"2024-02-19T15:58:51","date_gmt":"2024-02-19T15:58:51","guid":{"rendered":"https:\/\/culturasterapeuticas.uy\/?page_id=12"},"modified":"2026-03-13T18:52:54","modified_gmt":"2026-03-13T18:52:54","slug":"inicio","status":"publish","type":"page","link":"https:\/\/culturasterapeuticas.uy\/index.php\/inicio\/","title":{"rendered":"Nuestro Equipo"},"content":{"rendered":"\n<div class=\"wp-block-group alignfull has-custom-pflat-background-color has-background has-global-padding is-layout-constrained wp-container-core-group-is-layout-f73a2adb wp-block-group-is-layout-constrained\" style=\"margin-top:0;margin-bottom:0;padding-top:var(--wp--preset--spacing--50);padding-right:var(--wp--preset--spacing--50);padding-bottom:var(--wp--preset--spacing--50);padding-left:var(--wp--preset--spacing--50)\">\n<div class=\"wp-block-columns alignwide is-layout-flex wp-container-core-columns-is-layout-adf03cea wp-block-columns-is-layout-flex\" style=\"border-top-left-radius:0px;border-top-right-radius:0px;border-bottom-left-radius:0px;border-bottom-right-radius:0px;padding-top:0;padding-right:var(--wp--preset--spacing--20);padding-bottom:0;padding-left:var(--wp--preset--spacing--20)\">\n<div class=\"wp-block-column is-layout-flow wp-block-column-is-layout-flow\">\n<figure class=\"wp-block-image size-full is-style-rounded is-style-rounded--1\"><img loading=\"lazy\" decoding=\"async\" width=\"497\" height=\"419\" src=\"https:\/\/culturasterapeuticas.uy\/wp-content\/uploads\/2024\/02\/jorge-chavez_1_0-1.jpg\" alt=\"\" class=\"wp-image-35\" style=\"aspect-ratio:1;object-fit:cover\" srcset=\"https:\/\/culturasterapeuticas.uy\/wp-content\/uploads\/2024\/02\/jorge-chavez_1_0-1.jpg 497w, https:\/\/culturasterapeuticas.uy\/wp-content\/uploads\/2024\/02\/jorge-chavez_1_0-1-300x253.jpg 300w\" sizes=\"auto, (max-width: 497px) 100vw, 497px\" \/><\/figure>\n\n\n\n<div class=\"wp-block-group is-vertical is-content-justification-center is-nowrap is-layout-flex wp-container-core-group-is-layout-21d4e958 wp-block-group-is-layout-flex\">\n<p class=\"has-text-align-center has-small-font-size\"><strong>Dr. Jorge Ch\u00e1vez<\/strong><\/p>\n\n\n\n<p class=\"has-text-align-center has-small-font-size\">Profesor Titular de la Facultad de Psicolog\u00eda  (Udelar) en R\u00e9gimen de<br>Dedicaci\u00f3n Total. Integra el Sistema Nacional de Investigadores (Nivel I).<\/p>\n\n\n\n<p class=\"has-text-align-center has-small-font-size\">Es Lic. en Psicolog\u00eda, Lic. en Ciencias de la Educaci\u00f3n, Mag. en Psicolog\u00eda y Educaci\u00f3n, todos por la Universidad de la Rep\u00fablica (Uruguay) y Doctor en Psicolog\u00eda por la Universidad Nacional de C\u00f3rdoba (Argentina)<\/p>\n<\/div>\n<\/div>\n\n\n\n<div class=\"wp-block-column is-layout-flow wp-block-column-is-layout-flow\">\n<figure class=\"wp-block-image size-full is-style-rounded is-style-rounded--2\"><img loading=\"lazy\" decoding=\"async\" width=\"497\" height=\"419\" src=\"https:\/\/culturasterapeuticas.uy\/wp-content\/uploads\/2024\/02\/pablo-piquinela.jpg\" alt=\"\" class=\"wp-image-33\" style=\"aspect-ratio:1;object-fit:cover\" srcset=\"https:\/\/culturasterapeuticas.uy\/wp-content\/uploads\/2024\/02\/pablo-piquinela.jpg 497w, https:\/\/culturasterapeuticas.uy\/wp-content\/uploads\/2024\/02\/pablo-piquinela-300x253.jpg 300w\" sizes=\"auto, (max-width: 497px) 100vw, 497px\" \/><\/figure>\n\n\n\n<div class=\"wp-block-group is-vertical is-content-justification-center is-nowrap is-layout-flex wp-container-core-group-is-layout-63bfd6c1 wp-block-group-is-layout-flex\">\n<p class=\"has-text-align-center has-small-font-size\"><strong>Mag. Pablo Piquinela<\/strong><\/p>\n\n\n\n<p class=\"has-text-align-center has-small-font-size\">Licenciado en Psicolog\u00eda y Mag\u00edster en Psicolog\u00eda Social, por la Universidad de la Rep\u00fablica (Uruguay)<br> Asistente del Instituto de Fundamentos y M\u00e9todos en Psicolog\u00eda, en r\u00e9gimen de Dedicaci\u00f3n Total.<\/p>\n\n\n\n<p class=\"has-text-align-center has-small-font-size\">Doctorando en Ciencias&nbsp;Sociales&nbsp;(UBA)<\/p>\n<\/div>\n<\/div>\n\n\n\n<div class=\"wp-block-column is-layout-flow wp-block-column-is-layout-flow\">\n<figure class=\"wp-block-image size-full is-style-rounded is-style-rounded--3\"><img loading=\"lazy\" decoding=\"async\" width=\"2560\" height=\"2560\" src=\"https:\/\/culturasterapeuticas.uy\/wp-content\/uploads\/2026\/03\/Camila-Lucas-Fundamentos-edited-scaled.jpg\" alt=\"\" class=\"wp-image-341\" style=\"aspect-ratio:1;object-fit:cover\" srcset=\"https:\/\/culturasterapeuticas.uy\/wp-content\/uploads\/2026\/03\/Camila-Lucas-Fundamentos-edited-scaled.jpg 2560w, https:\/\/culturasterapeuticas.uy\/wp-content\/uploads\/2026\/03\/Camila-Lucas-Fundamentos-edited-300x300.jpg 300w, https:\/\/culturasterapeuticas.uy\/wp-content\/uploads\/2026\/03\/Camila-Lucas-Fundamentos-edited-1024x1024.jpg 1024w, https:\/\/culturasterapeuticas.uy\/wp-content\/uploads\/2026\/03\/Camila-Lucas-Fundamentos-edited-150x150.jpg 150w, https:\/\/culturasterapeuticas.uy\/wp-content\/uploads\/2026\/03\/Camila-Lucas-Fundamentos-edited-768x768.jpg 768w, https:\/\/culturasterapeuticas.uy\/wp-content\/uploads\/2026\/03\/Camila-Lucas-Fundamentos-edited-1536x1536.jpg 1536w, https:\/\/culturasterapeuticas.uy\/wp-content\/uploads\/2026\/03\/Camila-Lucas-Fundamentos-edited-2048x2048.jpg 2048w\" sizes=\"auto, (max-width: 2560px) 100vw, 2560px\" \/><\/figure>\n\n\n\n<div class=\"wp-block-group is-vertical is-content-justification-center is-nowrap is-layout-flex wp-container-core-group-is-layout-63bfd6c1 wp-block-group-is-layout-flex\">\n<p class=\"has-text-align-center has-small-font-size\"><strong>Lic. Camila Lucas<\/strong><\/p>\n\n\n\n<p class=\"has-text-align-center has-small-font-size\">Licenciada en Psicolog\u00eda Udelar.<\/p>\n\n\n\n<p class=\"has-text-align-center has-small-font-size\">Maestranda en Psicolog\u00eda Social, Becaria ANII \u00abPrograma de Becas de Posgrado Nacional\u00bb.<\/p>\n\n\n\n<p class=\"has-text-align-center has-small-font-size\">Ayudante G\u00ba1, Instituto de Fundamentos y M\u00e9todos en Psicolog\u00eda, Udelar.<\/p>\n<\/div>\n<\/div>\n\n\n\n<div class=\"wp-block-column is-layout-flow wp-block-column-is-layout-flow\">\n<figure class=\"wp-block-image size-full is-style-rounded is-style-rounded--4\"><img loading=\"lazy\" decoding=\"async\" width=\"972\" height=\"972\" src=\"https:\/\/culturasterapeuticas.uy\/wp-content\/uploads\/2026\/02\/gabii-1-edited.jpg\" alt=\"\" class=\"wp-image-319\" style=\"object-fit:cover\" srcset=\"https:\/\/culturasterapeuticas.uy\/wp-content\/uploads\/2026\/02\/gabii-1-edited.jpg 972w, https:\/\/culturasterapeuticas.uy\/wp-content\/uploads\/2026\/02\/gabii-1-edited-300x300.jpg 300w, https:\/\/culturasterapeuticas.uy\/wp-content\/uploads\/2026\/02\/gabii-1-edited-150x150.jpg 150w, https:\/\/culturasterapeuticas.uy\/wp-content\/uploads\/2026\/02\/gabii-1-edited-768x768.jpg 768w\" sizes=\"auto, (max-width: 972px) 100vw, 972px\" \/><\/figure>\n\n\n\n<div class=\"wp-block-group is-vertical is-content-justification-center is-nowrap is-layout-flex wp-container-core-group-is-layout-21d4e958 wp-block-group-is-layout-flex\">\n<p class=\"has-text-align-center has-small-font-size\"><strong>Lic. Gabriel Rodriguez<\/strong><\/p>\n\n\n\n<p class=\"has-text-align-center has-small-font-size\">Licenciado en Psicolog\u00eda UBA<br>Asistente Instituto de Fundamentos y M\u00e9todos en Psicolog\u00eda,&nbsp;Udelar<\/p>\n<\/div>\n<\/div>\n<\/div>\n\n\n\n<div class=\"wp-block-group alignfull has-global-padding is-layout-constrained wp-container-core-group-is-layout-de246191 wp-block-group-is-layout-constrained\" style=\"margin-top:0;margin-bottom:0;padding-top:var(--wp--preset--spacing--50);padding-right:var(--wp--preset--spacing--50);padding-bottom:var(--wp--preset--spacing--50);padding-left:var(--wp--preset--spacing--50)\">\n<div class=\"wp-block-columns alignwide is-layout-flex wp-container-core-columns-is-layout-adf03cea wp-block-columns-is-layout-flex\" style=\"border-top-left-radius:0px;border-top-right-radius:0px;border-bottom-left-radius:0px;border-bottom-right-radius:0px;padding-top:0;padding-right:var(--wp--preset--spacing--20);padding-bottom:0;padding-left:var(--wp--preset--spacing--20)\">\n<div class=\"wp-block-column is-layout-flow wp-block-column-is-layout-flow\">\n<figure class=\"wp-block-image size-full is-style-rounded is-style-rounded--5\"><img loading=\"lazy\" decoding=\"async\" width=\"432\" height=\"652\" src=\"https:\/\/culturasterapeuticas.uy\/wp-content\/uploads\/2026\/02\/Micaa.jpeg\" alt=\"\" class=\"wp-image-299\" style=\"aspect-ratio:1;object-fit:cover\" srcset=\"https:\/\/culturasterapeuticas.uy\/wp-content\/uploads\/2026\/02\/Micaa.jpeg 432w, https:\/\/culturasterapeuticas.uy\/wp-content\/uploads\/2026\/02\/Micaa-199x300.jpeg 199w\" sizes=\"auto, (max-width: 432px) 100vw, 432px\" \/><\/figure>\n\n\n\n<div class=\"wp-block-group is-vertical is-content-justification-center is-nowrap is-layout-flex wp-container-core-group-is-layout-21d4e958 wp-block-group-is-layout-flex\">\n<p class=\"has-text-align-center has-small-font-size\"><strong>Br. Micaela Bacqueri\u00e9<\/strong><\/p>\n\n\n\n<p class=\"has-text-align-center has-small-font-size\">Estudiante avanzada de Facultad de Psicolog\u00eda, Universidad de la Rep\u00fablica. <\/p>\n<\/div>\n<\/div>\n\n\n\n<div class=\"wp-block-column is-layout-flow wp-block-column-is-layout-flow\">\n<figure class=\"wp-block-image size-full is-style-rounded is-style-rounded--6\"><img loading=\"lazy\" decoding=\"async\" width=\"600\" height=\"600\" src=\"https:\/\/culturasterapeuticas.uy\/wp-content\/uploads\/2026\/02\/blank-avatar-photo-place-holder-600nw-1095249842.webp\" alt=\"\" class=\"wp-image-300\" style=\"aspect-ratio:1;object-fit:cover\" srcset=\"https:\/\/culturasterapeuticas.uy\/wp-content\/uploads\/2026\/02\/blank-avatar-photo-place-holder-600nw-1095249842.webp 600w, https:\/\/culturasterapeuticas.uy\/wp-content\/uploads\/2026\/02\/blank-avatar-photo-place-holder-600nw-1095249842-300x300.webp 300w, https:\/\/culturasterapeuticas.uy\/wp-content\/uploads\/2026\/02\/blank-avatar-photo-place-holder-600nw-1095249842-150x150.webp 150w\" sizes=\"auto, (max-width: 600px) 100vw, 600px\" \/><\/figure>\n\n\n\n<div class=\"wp-block-group is-vertical is-content-justification-center is-nowrap is-layout-flex wp-container-core-group-is-layout-63bfd6c1 wp-block-group-is-layout-flex\">\n<p class=\"has-text-align-center has-small-font-size\"><strong>Br. Mariana Lema<\/strong><\/p>\n\n\n\n<p class=\"has-text-align-center has-small-font-size\">Estudiante avanzada de Facultad de Psicolog\u00eda, Universidad de la Rep\u00fablica<\/p>\n<\/div>\n<\/div>\n\n\n\n<div class=\"wp-block-column is-layout-flow wp-block-column-is-layout-flow\">\n<figure class=\"wp-block-image size-full is-style-rounded is-style-rounded--7\"><img loading=\"lazy\" decoding=\"async\" width=\"600\" height=\"600\" src=\"https:\/\/culturasterapeuticas.uy\/wp-content\/uploads\/2026\/02\/blank-avatar-photo-place-holder-600nw-1095249842.webp\" alt=\"\" class=\"wp-image-300\" style=\"aspect-ratio:1;object-fit:cover\" srcset=\"https:\/\/culturasterapeuticas.uy\/wp-content\/uploads\/2026\/02\/blank-avatar-photo-place-holder-600nw-1095249842.webp 600w, https:\/\/culturasterapeuticas.uy\/wp-content\/uploads\/2026\/02\/blank-avatar-photo-place-holder-600nw-1095249842-300x300.webp 300w, https:\/\/culturasterapeuticas.uy\/wp-content\/uploads\/2026\/02\/blank-avatar-photo-place-holder-600nw-1095249842-150x150.webp 150w\" sizes=\"auto, (max-width: 600px) 100vw, 600px\" \/><\/figure>\n\n\n\n<div class=\"wp-block-group is-vertical is-content-justification-center is-nowrap is-layout-flex wp-container-core-group-is-layout-63bfd6c1 wp-block-group-is-layout-flex\">\n<p class=\"has-text-align-center has-small-font-size\"><strong>Lic. Diego Perez<\/strong><\/p>\n\n\n\n<p class=\"has-text-align-center has-small-font-size\">Licenciado en Psicolog\u00eda Udelar.<\/p>\n\n\n\n<p class=\"has-text-align-center has-small-font-size\">Maestrando en Psicolog\u00eda Cl\u00ednica.<\/p>\n\n\n\n<p class=\"has-text-align-center has-small-font-size\">Ayudante G\u00ba1, Instituto de Fundamentos y M\u00e9todos en Psicolog\u00eda, Udelar.<\/p>\n<\/div>\n<\/div>\n\n\n\n<div class=\"wp-block-column is-layout-flow wp-block-column-is-layout-flow\">\n<figure class=\"wp-block-image size-full is-style-rounded is-style-rounded--8\"><img loading=\"lazy\" decoding=\"async\" width=\"640\" height=\"640\" src=\"https:\/\/culturasterapeuticas.uy\/wp-content\/uploads\/2026\/02\/ESTEBAN.jpeg\" alt=\"\" class=\"wp-image-335\" style=\"aspect-ratio:1;object-fit:cover\" srcset=\"https:\/\/culturasterapeuticas.uy\/wp-content\/uploads\/2026\/02\/ESTEBAN.jpeg 640w, https:\/\/culturasterapeuticas.uy\/wp-content\/uploads\/2026\/02\/ESTEBAN-300x300.jpeg 300w, https:\/\/culturasterapeuticas.uy\/wp-content\/uploads\/2026\/02\/ESTEBAN-150x150.jpeg 150w\" sizes=\"auto, (max-width: 640px) 100vw, 640px\" \/><\/figure>\n\n\n\n<div class=\"wp-block-group is-vertical is-content-justification-center is-nowrap is-layout-flex wp-container-core-group-is-layout-21d4e958 wp-block-group-is-layout-flex\">\n<p class=\"has-text-align-center has-small-font-size\"><strong>Lic<\/strong>. <strong>Esteban Suarez<\/strong><\/p>\n\n\n\n<p class=\"has-text-align-center has-small-font-size\">Licenciado en Psicolog\u00eda, Udelar<br>Maestrando en Ciencias Cognitivas (Udelar) y en Terapia Contextuales\/Terapias de Tercera Generaci\u00f3n (Universidad de Almer\u00eda)<br>Ayundante G\u00ba1, Instituto de Fundamentos y M\u00e9todos en Psicolog\u00eda,&nbsp;Udelar<\/p>\n<\/div>\n<\/div>\n<\/div>\n<\/div>\n<\/div>\n\n\n\n<div class=\"wp-block-group alignfull has-global-padding is-layout-constrained wp-container-core-group-is-layout-f6cc5ae6 wp-block-group-is-layout-constrained\" style=\"margin-top:0;margin-bottom:0;padding-top:var(--wp--preset--spacing--30);padding-right:var(--wp--preset--spacing--50);padding-bottom:var(--wp--preset--spacing--30);padding-left:var(--wp--preset--spacing--50)\">\n<div class=\"wp-block-group alignwide has-global-padding is-layout-constrained wp-container-core-group-is-layout-97829e9f wp-block-group-is-layout-constrained\" style=\"padding-right:var(--wp--preset--spacing--40);padding-left:var(--wp--preset--spacing--40)\">\n<div class=\"wp-block-columns alignwide is-layout-flex wp-container-core-columns-is-layout-d65416db wp-block-columns-is-layout-flex\" style=\"margin-top:var(--wp--preset--spacing--10);margin-bottom:var(--wp--preset--spacing--10);padding-right:var(--wp--preset--spacing--60);padding-left:var(--wp--preset--spacing--60)\">\n<div class=\"wp-block-column is-layout-flow wp-block-column-is-layout-flow\"><\/div>\n<\/div>\n\n\n\n<div class=\"wp-block-columns alignwide is-layout-flex wp-container-core-columns-is-layout-d65416db wp-block-columns-is-layout-flex\" style=\"margin-top:var(--wp--preset--spacing--10);margin-bottom:var(--wp--preset--spacing--10);padding-right:var(--wp--preset--spacing--60);padding-left:var(--wp--preset--spacing--60)\"><\/div>\n<\/div>\n<\/div>\n\n\n\n<p><\/p>\n","protected":false},"excerpt":{"rendered":"<p>Dr. Jorge Ch\u00e1vez Profesor Titular de la Facultad de Psicolog\u00eda (Udelar) en R\u00e9gimen deDedicaci\u00f3n Total. Integra el Sistema Nacional de Investigadores (Nivel I). Es Lic. en Psicolog\u00eda, Lic. en Ciencias de la Educaci\u00f3n, Mag. en Psicolog\u00eda y Educaci\u00f3n, todos por la Universidad de la Rep\u00fablica (Uruguay) y Doctor en Psicolog\u00eda por la Universidad Nacional de [&hellip;]<\/p>\n","protected":false},"author":1,"featured_media":0,"parent":0,"menu_order":0,"comment_status":"closed","ping_status":"closed","template":"","meta":{"footnotes":""},"class_list":["post-12","page","type-page","status-publish","hentry"],"_links":{"self":[{"href":"https:\/\/culturasterapeuticas.uy\/index.php\/wp-json\/wp\/v2\/pages\/12","targetHints":{"allow":["GET"]}}],"collection":[{"href":"https:\/\/culturasterapeuticas.uy\/index.php\/wp-json\/wp\/v2\/pages"}],"about":[{"href":"https:\/\/culturasterapeuticas.uy\/index.php\/wp-json\/wp\/v2\/types\/page"}],"author":[{"embeddable":true,"href":"https:\/\/culturasterapeuticas.uy\/index.php\/wp-json\/wp\/v2\/users\/1"}],"replies":[{"embeddable":true,"href":"https:\/\/culturasterapeuticas.uy\/index.php\/wp-json\/wp\/v2\/comments?post=12"}],"version-history":[{"count":62,"href":"https:\/\/culturasterapeuticas.uy\/index.php\/wp-json\/wp\/v2\/pages\/12\/revisions"}],"predecessor-version":[{"id":342,"href":"https:\/\/culturasterapeuticas.uy\/index.php\/wp-json\/wp\/v2\/pages\/12\/revisions\/342"}],"wp:attachment":[{"href":"https:\/\/culturasterapeuticas.uy\/index.php\/wp-json\/wp\/v2\/media?parent=12"}],"curies":[{"name":"wp","href":"https:\/\/api.w.org\/{rel}","templated":true}]}}