{"id":18,"date":"2024-02-19T16:00:07","date_gmt":"2024-02-19T16:00:07","guid":{"rendered":"https:\/\/culturasterapeuticas.uy\/?page_id=18"},"modified":"2024-03-08T02:37:37","modified_gmt":"2024-03-08T02:37:37","slug":"contacto","status":"publish","type":"page","link":"https:\/\/culturasterapeuticas.uy\/index.php\/contacto\/","title":{"rendered":"Contacto"},"content":{"rendered":"\n<p class=\"has-text-align-center\">Puedes comunicarte completando el siguiente formulario de contacto <br>o a trav\u00e9s de los siguientes medios:<\/p>\n\n\n\n<p><\/p>\n\n\n\n<p class=\"has-text-align-center\"><strong>Instagram:<\/strong> @culturasterapeuticasuy<\/p>\n\n\n\n<p class=\"has-text-align-center\"><strong>Correo:<\/strong> proyectoculturasterapeuticas@gmail.com<\/p>\n\n\n\n<p class=\"has-text-align-center\"><strong>Tel\u00e9fono:<\/strong> (+598) 2400 8555 int.340<\/p>\n\n\n\n<p class=\"has-text-align-center\"><strong>Direcci\u00f3n:<\/strong> Trist\u00e1n Narvaja 1674 (Montevideo, Uruguay).<\/p>\n\n\n","protected":false},"excerpt":{"rendered":"<p>Puedes comunicarte completando el siguiente formulario de contacto o a trav\u00e9s de los siguientes medios: Instagram: @culturasterapeuticasuy Correo: proyectoculturasterapeuticas@gmail.com Tel\u00e9fono: (+598) 2400 8555 int.340 Direcci\u00f3n: Trist\u00e1n Narvaja 1674 (Montevideo, Uruguay).<\/p>\n","protected":false},"author":1,"featured_media":0,"parent":0,"menu_order":0,"comment_status":"closed","ping_status":"closed","template":"","meta":{"footnotes":""},"class_list":["post-18","page","type-page","status-publish","hentry"],"_links":{"self":[{"href":"https:\/\/culturasterapeuticas.uy\/index.php\/wp-json\/wp\/v2\/pages\/18","targetHints":{"allow":["GET"]}}],"collection":[{"href":"https:\/\/culturasterapeuticas.uy\/index.php\/wp-json\/wp\/v2\/pages"}],"about":[{"href":"https:\/\/culturasterapeuticas.uy\/index.php\/wp-json\/wp\/v2\/types\/page"}],"author":[{"embeddable":true,"href":"https:\/\/culturasterapeuticas.uy\/index.php\/wp-json\/wp\/v2\/users\/1"}],"replies":[{"embeddable":true,"href":"https:\/\/culturasterapeuticas.uy\/index.php\/wp-json\/wp\/v2\/comments?post=18"}],"version-history":[{"count":6,"href":"https:\/\/culturasterapeuticas.uy\/index.php\/wp-json\/wp\/v2\/pages\/18\/revisions"}],"predecessor-version":[{"id":137,"href":"https:\/\/culturasterapeuticas.uy\/index.php\/wp-json\/wp\/v2\/pages\/18\/revisions\/137"}],"wp:attachment":[{"href":"https:\/\/culturasterapeuticas.uy\/index.php\/wp-json\/wp\/v2\/media?parent=18"}],"curies":[{"name":"wp","href":"https:\/\/api.w.org\/{rel}","templated":true}]}}