{"id":194,"date":"2025-11-24T17:40:02","date_gmt":"2025-11-24T17:40:02","guid":{"rendered":"https:\/\/culturasterapeuticas.uy\/?page_id=194"},"modified":"2026-02-04T01:27:16","modified_gmt":"2026-02-04T01:27:16","slug":"publicaciones","status":"publish","type":"page","link":"https:\/\/culturasterapeuticas.uy\/index.php\/publicaciones\/","title":{"rendered":"Publicaciones"},"content":{"rendered":"\n<p>Este espacio est\u00e1 destinado a la difusi\u00f3n del conocimiento generado por nuestro Grupo de Investigaci\u00f3n.<br>Los invitamos cordialmente a su lectura y al intercambio constructivo. Sus comentarios son valiosos para nuestro quehacer.<\/p>\n\n\n\n<p><\/p>\n\n\n\n<div style=\"height:25px\" aria-hidden=\"true\" class=\"wp-block-spacer\"><\/div>\n\n\n\n<hr class=\"wp-block-separator has-alpha-channel-opacity is-style-dots\"\/>\n\n\n\n<div style=\"height:25px\" aria-hidden=\"true\" class=\"wp-block-spacer\"><\/div>\n\n\n\n<div class=\"wp-block-group is-nowrap is-layout-flex wp-container-core-group-is-layout-6c531013 wp-block-group-is-layout-flex\">\n<figure class=\"wp-block-image size-large is-resized\"><img loading=\"lazy\" decoding=\"async\" width=\"724\" height=\"1024\" src=\"https:\/\/culturasterapeuticas.uy\/wp-content\/uploads\/2026\/02\/revista-puertorico-1-724x1024.png\" alt=\"\" class=\"wp-image-283\" style=\"aspect-ratio:0.7070437091284902;width:234px;height:auto\" srcset=\"https:\/\/culturasterapeuticas.uy\/wp-content\/uploads\/2026\/02\/revista-puertorico-1-724x1024.png 724w, https:\/\/culturasterapeuticas.uy\/wp-content\/uploads\/2026\/02\/revista-puertorico-1-212x300.png 212w, https:\/\/culturasterapeuticas.uy\/wp-content\/uploads\/2026\/02\/revista-puertorico-1-768x1086.png 768w, https:\/\/culturasterapeuticas.uy\/wp-content\/uploads\/2026\/02\/revista-puertorico-1-1086x1536.png 1086w, https:\/\/culturasterapeuticas.uy\/wp-content\/uploads\/2026\/02\/revista-puertorico-1-1448x2048.png 1448w, https:\/\/culturasterapeuticas.uy\/wp-content\/uploads\/2026\/02\/revista-puertorico-1-scaled.png 1811w\" sizes=\"auto, (max-width: 724px) 100vw, 724px\" \/><\/figure>\n\n\n<ul class=\"wp-block-latest-posts__list has-dates wp-block-latest-posts\"><li><div class=\"wp-block-latest-posts__featured-image\"><img loading=\"lazy\" decoding=\"async\" width=\"150\" height=\"150\" src=\"https:\/\/culturasterapeuticas.uy\/wp-content\/uploads\/2026\/03\/portada-articulo-3-150x150.jpg\" class=\"attachment-thumbnail size-thumbnail wp-post-image\" alt=\"\" style=\"\" \/><\/div><a class=\"wp-block-latest-posts__post-title\" href=\"https:\/\/culturasterapeuticas.uy\/index.php\/2026\/03\/19\/modelos-tecnicas-y-nuevos-territorios-clinicos-transformaciones-de-la-psicoterapia-en-uruguay\/\">Modelos, t\u00e9cnicas y nuevos territorios cl\u00ednicos: transformaciones de la psicoterapia en Uruguay<\/a><time datetime=\"2026-03-19T17:59:51+00:00\" class=\"wp-block-latest-posts__post-date\">marzo 19, 2026<\/time><div class=\"wp-block-latest-posts__post-excerpt\">Link de acceso al art\u00edculo: https:\/\/www.psicoperspectivas.cl\/index.php\/psicoperspectivas\/article\/view\/3564<\/div><\/li>\n<li><div class=\"wp-block-latest-posts__featured-image\"><img loading=\"lazy\" decoding=\"async\" width=\"150\" height=\"150\" src=\"https:\/\/culturasterapeuticas.uy\/wp-content\/uploads\/2026\/02\/revista-puertorico-1-150x150.png\" class=\"attachment-thumbnail size-thumbnail wp-post-image\" alt=\"\" style=\"\" \/><\/div><a class=\"wp-block-latest-posts__post-title\" href=\"https:\/\/culturasterapeuticas.uy\/index.php\/2025\/11\/24\/te-invitamos-a-leer-nuestro-articulo\/\">Transformaciones de la psicoterapia: hibridaciones y composiciones heterog\u00e9neas en las pr\u00e1cticas psicol\u00f3gicas en Uruguay<\/a><time datetime=\"2025-11-24T17:44:42+00:00\" class=\"wp-block-latest-posts__post-date\">noviembre 24, 2025<\/time><div class=\"wp-block-latest-posts__post-excerpt\">Los invitamos a leer los primeros resultados de nuestro proyecto de investigaci\u00f3n. Quedamos atentos a comentarios, preguntas y al intercambio.<\/div><\/li>\n<\/ul><\/div>\n\n\n\n<p><\/p>\n","protected":false},"excerpt":{"rendered":"<p>Este espacio est\u00e1 destinado a la difusi\u00f3n del conocimiento generado por nuestro Grupo de Investigaci\u00f3n.Los invitamos cordialmente a su lectura y al intercambio constructivo. Sus comentarios son valiosos para nuestro quehacer.<\/p>\n","protected":false},"author":1,"featured_media":278,"parent":0,"menu_order":0,"comment_status":"closed","ping_status":"closed","template":"","meta":{"footnotes":""},"class_list":["post-194","page","type-page","status-publish","has-post-thumbnail","hentry"],"_links":{"self":[{"href":"https:\/\/culturasterapeuticas.uy\/index.php\/wp-json\/wp\/v2\/pages\/194","targetHints":{"allow":["GET"]}}],"collection":[{"href":"https:\/\/culturasterapeuticas.uy\/index.php\/wp-json\/wp\/v2\/pages"}],"about":[{"href":"https:\/\/culturasterapeuticas.uy\/index.php\/wp-json\/wp\/v2\/types\/page"}],"author":[{"embeddable":true,"href":"https:\/\/culturasterapeuticas.uy\/index.php\/wp-json\/wp\/v2\/users\/1"}],"replies":[{"embeddable":true,"href":"https:\/\/culturasterapeuticas.uy\/index.php\/wp-json\/wp\/v2\/comments?post=194"}],"version-history":[{"count":20,"href":"https:\/\/culturasterapeuticas.uy\/index.php\/wp-json\/wp\/v2\/pages\/194\/revisions"}],"predecessor-version":[{"id":284,"href":"https:\/\/culturasterapeuticas.uy\/index.php\/wp-json\/wp\/v2\/pages\/194\/revisions\/284"}],"wp:featuredmedia":[{"embeddable":true,"href":"https:\/\/culturasterapeuticas.uy\/index.php\/wp-json\/wp\/v2\/media\/278"}],"wp:attachment":[{"href":"https:\/\/culturasterapeuticas.uy\/index.php\/wp-json\/wp\/v2\/media?parent=194"}],"curies":[{"name":"wp","href":"https:\/\/api.w.org\/{rel}","templated":true}]}}