{"id":20,"date":"2024-02-19T16:02:54","date_gmt":"2024-02-19T16:02:54","guid":{"rendered":"https:\/\/culturasterapeuticas.uy\/?page_id=20"},"modified":"2026-02-05T23:38:45","modified_gmt":"2026-02-05T23:38:45","slug":"novedades","status":"publish","type":"page","link":"https:\/\/culturasterapeuticas.uy\/index.php\/publicaciones\/novedades\/","title":{"rendered":"Novedades"},"content":{"rendered":"\n<p class=\"has-text-align-center\">Aqu\u00ed encontrar\u00e1s noticias sobre el desarrollo del proyecto <br>y diversas actividades relacionadas.<\/p>\n\n\n\n<div style=\"height:30px\" aria-hidden=\"true\" class=\"wp-block-spacer\"><\/div>\n\n\n\n<hr class=\"wp-block-separator has-alpha-channel-opacity is-style-wide\" style=\"margin-top:0;margin-bottom:0\"\/>\n\n\n\n<div style=\"height:30px\" aria-hidden=\"true\" class=\"wp-block-spacer\"><\/div>\n\n\n\n<div class=\"wp-block-columns is-layout-flex wp-container-core-columns-is-layout-28f84493 wp-block-columns-is-layout-flex\">\n<div class=\"wp-block-column is-layout-flow wp-block-column-is-layout-flow\" style=\"flex-basis:100%\">\n<div class=\"wp-block-group has-global-padding is-layout-constrained wp-block-group-is-layout-constrained\"><ul class=\"wp-block-latest-posts__list is-grid columns-3 has-dates wp-block-latest-posts\"><li><div class=\"wp-block-latest-posts__featured-image\"><img loading=\"lazy\" decoding=\"async\" width=\"150\" height=\"150\" src=\"https:\/\/culturasterapeuticas.uy\/wp-content\/uploads\/2025\/11\/todesss-2-150x150.jpg\" class=\"attachment-thumbnail size-thumbnail wp-post-image\" alt=\"\" style=\"\" \/><\/div><a class=\"wp-block-latest-posts__post-title\" href=\"https:\/\/culturasterapeuticas.uy\/index.php\/2025\/11\/30\/participacion-en-el-iii-congreso-internacional-de-psicologia\/\">Participaci\u00f3n en el III Congreso Internacional de Psicolog\u00eda<\/a><time datetime=\"2025-11-30T02:00:30+00:00\" class=\"wp-block-latest-posts__post-date\">noviembre 30, 2025<\/time><\/li>\n<li><div class=\"wp-block-latest-posts__featured-image\"><img loading=\"lazy\" decoding=\"async\" width=\"150\" height=\"150\" src=\"https:\/\/culturasterapeuticas.uy\/wp-content\/uploads\/2025\/08\/conversatorio-150x150.jpg\" class=\"attachment-thumbnail size-thumbnail wp-post-image\" alt=\"\" style=\"\" \/><\/div><a class=\"wp-block-latest-posts__post-title\" href=\"https:\/\/culturasterapeuticas.uy\/index.php\/2025\/08\/19\/conversatorio-culturas-terapeuticas-en-uruguay-transformaciones-de-las-practicas-psicologicas\/\">Conversatorio. Culturas terap\u00e9uticas en Uruguay: transformaciones de las pr\u00e1cticas psicol\u00f3gicas<\/a><time datetime=\"2025-08-19T14:28:26+00:00\" class=\"wp-block-latest-posts__post-date\">agosto 19, 2025<\/time><\/li>\n<li><div class=\"wp-block-latest-posts__featured-image\"><img loading=\"lazy\" decoding=\"async\" width=\"150\" height=\"143\" src=\"https:\/\/culturasterapeuticas.uy\/wp-content\/uploads\/2025\/08\/image-150x143.png\" class=\"attachment-thumbnail size-thumbnail wp-post-image\" alt=\"\" style=\"\" \/><\/div><a class=\"wp-block-latest-posts__post-title\" href=\"https:\/\/culturasterapeuticas.uy\/index.php\/2025\/08\/19\/participacion-en-el-xiii-congreso-ibero-americano-de-psicologia-6o-congresso-da-ordem-dos-psicolologos-portugueses\/\">Participaci\u00f3n en el XIII Congreso Ibero-Americano de Psicolog\u00eda\/ 6\u00ba Congresso da Ordem Dos Psicol\u00f3logos Portugueses<\/a><time datetime=\"2025-08-19T14:22:04+00:00\" class=\"wp-block-latest-posts__post-date\">agosto 19, 2025<\/time><\/li>\n<li><div class=\"wp-block-latest-posts__featured-image\"><img loading=\"lazy\" decoding=\"async\" width=\"150\" height=\"150\" src=\"https:\/\/culturasterapeuticas.uy\/wp-content\/uploads\/2024\/06\/3-150x150.png\" class=\"attachment-thumbnail size-thumbnail wp-post-image\" alt=\"\" style=\"\" srcset=\"https:\/\/culturasterapeuticas.uy\/wp-content\/uploads\/2024\/06\/3-150x150.png 150w, https:\/\/culturasterapeuticas.uy\/wp-content\/uploads\/2024\/06\/3-300x300.png 300w, https:\/\/culturasterapeuticas.uy\/wp-content\/uploads\/2024\/06\/3-1024x1024.png 1024w, https:\/\/culturasterapeuticas.uy\/wp-content\/uploads\/2024\/06\/3-768x768.png 768w, https:\/\/culturasterapeuticas.uy\/wp-content\/uploads\/2024\/06\/3.png 1080w\" sizes=\"auto, (max-width: 150px) 100vw, 150px\" \/><\/div><a class=\"wp-block-latest-posts__post-title\" href=\"https:\/\/culturasterapeuticas.uy\/index.php\/2024\/06\/05\/te-invitamos-a-formar-parte-de-nuestra-investigacion\/\">\u00a1Te invitamos a formar parte de nuestra investigaci\u00f3n!<\/a><time datetime=\"2024-06-05T21:18:54+00:00\" class=\"wp-block-latest-posts__post-date\">junio 5, 2024<\/time><\/li>\n<li><div class=\"wp-block-latest-posts__featured-image\"><img loading=\"lazy\" decoding=\"async\" width=\"150\" height=\"150\" src=\"https:\/\/culturasterapeuticas.uy\/wp-content\/uploads\/2024\/03\/web_470-150x150.jpg\" class=\"attachment-thumbnail size-thumbnail wp-post-image\" alt=\"\" style=\"\" \/><\/div><a class=\"wp-block-latest-posts__post-title\" href=\"https:\/\/culturasterapeuticas.uy\/index.php\/2024\/02\/19\/test-3\/\">Presentaci\u00f3n del libro \u00abDise\u00f1o de la vida, Filosof\u00eda y Neoliberalismo\u00bb<\/a><time datetime=\"2024-02-19T16:04:20+00:00\" class=\"wp-block-latest-posts__post-date\">febrero 19, 2024<\/time><\/li>\n<li><div class=\"wp-block-latest-posts__featured-image\"><img loading=\"lazy\" decoding=\"async\" width=\"150\" height=\"150\" src=\"https:\/\/culturasterapeuticas.uy\/wp-content\/uploads\/2024\/03\/congreso-Latinoamericano-150x150.jpg\" class=\"attachment-thumbnail size-thumbnail wp-post-image\" alt=\"\" style=\"\" \/><\/div><a class=\"wp-block-latest-posts__post-title\" href=\"https:\/\/culturasterapeuticas.uy\/index.php\/2024\/02\/19\/test-2\/\">IV Congreso Latinoamericano de Teor\u00eda Social<\/a><time datetime=\"2024-02-19T16:04:08+00:00\" class=\"wp-block-latest-posts__post-date\">febrero 19, 2024<\/time><\/li>\n<li><div class=\"wp-block-latest-posts__featured-image\"><img loading=\"lazy\" decoding=\"async\" width=\"150\" height=\"150\" src=\"https:\/\/culturasterapeuticas.uy\/wp-content\/uploads\/2024\/03\/Diseno-sin-titulo-150x150.png\" class=\"attachment-thumbnail size-thumbnail wp-post-image\" alt=\"\" style=\"\" \/><\/div><a class=\"wp-block-latest-posts__post-title\" href=\"https:\/\/culturasterapeuticas.uy\/index.php\/2024\/02\/19\/test-1\/\">II Congreso Internacional de Psicolog\u00eda<\/a><time datetime=\"2024-02-19T16:03:49+00:00\" class=\"wp-block-latest-posts__post-date\">febrero 19, 2024<\/time><\/li>\n<\/ul><\/div>\n<\/div>\n<\/div>\n\n\n\n<hr class=\"wp-block-separator has-alpha-channel-opacity is-style-wide\" style=\"margin-top:var(--wp--preset--spacing--10);margin-bottom:var(--wp--preset--spacing--10)\"\/>\n","protected":false},"excerpt":{"rendered":"<p>Aqu\u00ed encontrar\u00e1s noticias sobre el desarrollo del proyecto y diversas actividades relacionadas.<\/p>\n","protected":false},"author":1,"featured_media":0,"parent":194,"menu_order":0,"comment_status":"closed","ping_status":"closed","template":"","meta":{"footnotes":""},"class_list":["post-20","page","type-page","status-publish","hentry"],"_links":{"self":[{"href":"https:\/\/culturasterapeuticas.uy\/index.php\/wp-json\/wp\/v2\/pages\/20","targetHints":{"allow":["GET"]}}],"collection":[{"href":"https:\/\/culturasterapeuticas.uy\/index.php\/wp-json\/wp\/v2\/pages"}],"about":[{"href":"https:\/\/culturasterapeuticas.uy\/index.php\/wp-json\/wp\/v2\/types\/page"}],"author":[{"embeddable":true,"href":"https:\/\/culturasterapeuticas.uy\/index.php\/wp-json\/wp\/v2\/users\/1"}],"replies":[{"embeddable":true,"href":"https:\/\/culturasterapeuticas.uy\/index.php\/wp-json\/wp\/v2\/comments?post=20"}],"version-history":[{"count":16,"href":"https:\/\/culturasterapeuticas.uy\/index.php\/wp-json\/wp\/v2\/pages\/20\/revisions"}],"predecessor-version":[{"id":223,"href":"https:\/\/culturasterapeuticas.uy\/index.php\/wp-json\/wp\/v2\/pages\/20\/revisions\/223"}],"up":[{"embeddable":true,"href":"https:\/\/culturasterapeuticas.uy\/index.php\/wp-json\/wp\/v2\/pages\/194"}],"wp:attachment":[{"href":"https:\/\/culturasterapeuticas.uy\/index.php\/wp-json\/wp\/v2\/media?parent=20"}],"curies":[{"name":"wp","href":"https:\/\/api.w.org\/{rel}","templated":true}]}}